{"id":3893,"date":"2015-04-17T14:23:30","date_gmt":"2015-04-17T14:23:30","guid":{"rendered":"http:\/\/demo-content.kaliumtheme.com\/main\/?page_id=3893"},"modified":"2015-04-17T14:23:30","modified_gmt":"2015-04-17T14:23:30","slug":"masonry-v3","status":"publish","type":"page","link":"https:\/\/www.ollieparis.com\/en\/masonry-v3\/","title":{"rendered":"Masonry v3"},"content":{"rendered":"<div class=\"wpb-content-wrapper\"><div class=\"vc-row-container container\"><div class=\"vc_row wpb_row vc_row-fluid\"><div class=\"wpb_column vc_column_container vc_col-sm-12\"><div class=\"vc_column-inner\"><div class=\"wpb_wrapper\"><style data-appended-custom-css=\"true\">#portfolio-1.portfolio-holder .item-box .photo .on-hover {background-color: rgba(153,149,136,0.46) !important;}<\/style><div id=\"portfolio-1-container\" class=\"lab-portfolio-items portfolio-container-and-title portfolio-loop-layout-type-1  container\">\n\t\n\t<div class=\"portfolio-title-holder portfolio-title-holder--update-category-descriptions\">\n\t\n\t    <div class=\"pt-column pt-filters\">\n        <div class=\"product-filter\">\n            <ul class=\"portfolio-root-categories\">\n\t\t\t\t                    <li class=\"portfolio-category-all active\">\n                        <a href=\"https:\/\/www.ollieparis.com\/en\/portfolio\/\" data-term=\"*\" data-title=\"\" data-term-description=\"\">All<\/a>\n                    <\/li>\n\t\t\t\t\n\t\t\t\t                    <li class=\"portfolio-category-item portfolio-category-cities\">\n                        <a href=\"https:\/\/www.ollieparis.com\/en\/masonry-v3\/portfolio-category\/cities\/\"\n                           data-term=\"cities\"  data-term-description=\"\">Cities<\/a>\n                    <\/li>\n\t\t\t\t                    <li class=\"portfolio-category-item portfolio-category-outdoors\">\n                        <a href=\"https:\/\/www.ollieparis.com\/en\/masonry-v3\/portfolio-category\/outdoors\/\"\n                           data-term=\"outdoors\"  data-term-description=\"\">Outdoors<\/a>\n                    <\/li>\n\t\t\t\t                    <li class=\"portfolio-category-item portfolio-category-photography\">\n                        <a href=\"https:\/\/www.ollieparis.com\/en\/masonry-v3\/portfolio-category\/photography\/\"\n                           data-term=\"photography\"  data-term-description=\"\">Photography<\/a>\n                    <\/li>\n\t\t\t\t                    <li class=\"portfolio-category-item portfolio-category-travels\">\n                        <a href=\"https:\/\/www.ollieparis.com\/en\/masonry-v3\/portfolio-category\/travels\/\"\n                           data-term=\"travels\"  data-term-description=\"\">Travels<\/a>\n                    <\/li>\n\t\t\t\t            <\/ul>\n\n\t\t\t        <\/div>\n    <\/div>\n<\/div>\t\n\t<div class=\"row\">\n\t\t\n\t\t\t\t\n\t\t<div id=\"portfolio-1\" class=\"portfolio-holder portfolio-type-1 sort-by-js\">\n\t\t\t<div class=\"portfolio-item portfolio-item-type-4 has-padding w6 post-5410 portfolio type-portfolio status-publish has-post-thumbnail hentry portfolio_category-outdoors portfolio_category-photography portfolio_category-travels portfolio_tag-slovenia portfolio_tag-travel\" data-portfolio-item-id=\"5410\" data-terms=\"outdoors photography travels\">\n\n\t\n\t\n    <div class=\"item-box wow fadeInLab\">\n        <div class=\"photo\">\n\t\t\t                <a href=\"https:\/\/www.ollieparis.com\/en\/portfolio\/slovenie\/\" class=\"item-link\" aria-label=\"Slov\u00e9nie 2024\">\n\t\t\t\t\t<span class=\"image-placeholder\" style=\"padding-bottom:83.20610687%\"><img width=\"655\" height=\"545\" class=\"attachment-portfolio-img-1 size-portfolio-img-1 img-5474 lazyload\" alt=\"Solcava\" data-src=\"https:\/\/www.ollieparis.com\/wp-content\/uploads\/2024\/08\/DSCF0641-655x545.jpg\" \/><\/span>\n\t\t\t\t\t                        <span class=\"on-hover opacity-yes hover-style-primary\">\n                                                            <span class=\"custom-hover-icon\">\n                                                                <\/span>\n\t\t\t\t\t\t\t                        <\/span>\n\t\t\t\t\t                <\/a>\n\t\t\t        <\/div>\n\n        <div class=\"info\">\n            <h3>\n                <a href=\"https:\/\/www.ollieparis.com\/en\/portfolio\/slovenie\/\" class=\"item-link\" aria-label=\"Slov\u00e9nie 2024\">\n\t\t\t\t\tSlov\u00e9nie 2024                <\/a>\n            <\/h3>\n\n\t\t\t<p class=\"terms\"><a href=\"https:\/\/www.ollieparis.com\/en\/portfolio\/slovenie\/portfolio-category\/outdoors\/\" data-term=\"outdoors\">\n\t\t\tOutdoors\t\t<\/a>, <a href=\"https:\/\/www.ollieparis.com\/en\/portfolio\/slovenie\/portfolio-category\/photography\/\" data-term=\"photography\">\n\t\t\tPhotography\t\t<\/a>, <a href=\"https:\/\/www.ollieparis.com\/en\/portfolio\/slovenie\/portfolio-category\/travels\/\" data-term=\"travels\">\n\t\t\tTravels\t\t<\/a><\/p>        <\/div>\n    <\/div>\n\n\t\n<\/div><div class=\"portfolio-item portfolio-item-type-4 has-padding w6 post-5357 portfolio type-portfolio status-publish has-post-thumbnail hentry portfolio_category-outdoors portfolio_category-photography portfolio_category-travels\" data-portfolio-item-id=\"5357\" data-terms=\"outdoors photography travels\">\n\n\t\n\t\n    <div class=\"item-box wow fadeInLab\">\n        <div class=\"photo\">\n\t\t\t                <a href=\"https:\/\/www.ollieparis.com\/en\/portfolio\/bretagne-rose\/\" class=\"item-link\" aria-label=\"Bretagne &#8211; La C\u00f4te de granit rose et le Pays de L\u00e9on\">\n\t\t\t\t\t<span class=\"image-placeholder\" style=\"padding-bottom:83.20610687%\"><img width=\"655\" height=\"545\" class=\"attachment-portfolio-img-1 size-portfolio-img-1 img-5375 lazyload\" alt=\"Phare de Mean Ruz\" data-src=\"https:\/\/www.ollieparis.com\/wp-content\/uploads\/2022\/07\/DSCF7106-655x545.jpg\" \/><\/span>\n\t\t\t\t\t                        <span class=\"on-hover opacity-yes hover-style-primary\">\n                                                            <span class=\"custom-hover-icon\">\n                                                                <\/span>\n\t\t\t\t\t\t\t                        <\/span>\n\t\t\t\t\t                <\/a>\n\t\t\t        <\/div>\n\n        <div class=\"info\">\n            <h3>\n                <a href=\"https:\/\/www.ollieparis.com\/en\/portfolio\/bretagne-rose\/\" class=\"item-link\" aria-label=\"Bretagne &#8211; La C\u00f4te de granit rose et le Pays de L\u00e9on\">\n\t\t\t\t\tBretagne &#8211; La C\u00f4te de granit rose et le Pays de L\u00e9on                <\/a>\n            <\/h3>\n\n\t\t\t<p class=\"terms\"><a href=\"https:\/\/www.ollieparis.com\/en\/portfolio\/bretagne-rose\/portfolio-category\/outdoors\/\" data-term=\"outdoors\">\n\t\t\tOutdoors\t\t<\/a>, <a href=\"https:\/\/www.ollieparis.com\/en\/portfolio\/bretagne-rose\/portfolio-category\/photography\/\" data-term=\"photography\">\n\t\t\tPhotography\t\t<\/a>, <a href=\"https:\/\/www.ollieparis.com\/en\/portfolio\/bretagne-rose\/portfolio-category\/travels\/\" data-term=\"travels\">\n\t\t\tTravels\t\t<\/a><\/p>        <\/div>\n    <\/div>\n\n\t\n<\/div><div class=\"portfolio-item portfolio-item-type-4 has-padding w6 post-5268 portfolio type-portfolio status-publish has-post-thumbnail hentry portfolio_category-outdoors portfolio_category-photography portfolio_category-travels\" data-portfolio-item-id=\"5268\" data-terms=\"outdoors photography travels\">\n\n\t\n\t\n    <div class=\"item-box wow fadeInLab\">\n        <div class=\"photo\">\n\t\t\t                <a href=\"https:\/\/www.ollieparis.com\/en\/portfolio\/morbihan\/\" class=\"item-link\" aria-label=\"Bretagne &#8211; Vannes et le Morbihan\">\n\t\t\t\t\t<span class=\"image-placeholder\" style=\"padding-bottom:83.20610687%\"><img width=\"655\" height=\"545\" class=\"attachment-portfolio-img-1 size-portfolio-img-1 img-5307 lazyload\" alt=\"Vannes\" data-src=\"https:\/\/www.ollieparis.com\/wp-content\/uploads\/2022\/03\/DSCF5723-655x545.jpg\" \/><\/span>\n\t\t\t\t\t                        <span class=\"on-hover opacity-yes hover-style-primary\">\n                                                            <span class=\"custom-hover-icon\">\n                                                                <\/span>\n\t\t\t\t\t\t\t                        <\/span>\n\t\t\t\t\t                <\/a>\n\t\t\t        <\/div>\n\n        <div class=\"info\">\n            <h3>\n                <a href=\"https:\/\/www.ollieparis.com\/en\/portfolio\/morbihan\/\" class=\"item-link\" aria-label=\"Bretagne &#8211; Vannes et le Morbihan\">\n\t\t\t\t\tBretagne &#8211; Vannes et le Morbihan                <\/a>\n            <\/h3>\n\n\t\t\t<p class=\"terms\"><a href=\"https:\/\/www.ollieparis.com\/en\/portfolio\/morbihan\/portfolio-category\/outdoors\/\" data-term=\"outdoors\">\n\t\t\tOutdoors\t\t<\/a>, <a href=\"https:\/\/www.ollieparis.com\/en\/portfolio\/morbihan\/portfolio-category\/photography\/\" data-term=\"photography\">\n\t\t\tPhotography\t\t<\/a>, <a href=\"https:\/\/www.ollieparis.com\/en\/portfolio\/morbihan\/portfolio-category\/travels\/\" data-term=\"travels\">\n\t\t\tTravels\t\t<\/a><\/p>        <\/div>\n    <\/div>\n\n\t\n<\/div><div class=\"portfolio-item portfolio-item-type-4 has-padding w6 post-5188 portfolio type-portfolio status-publish has-post-thumbnail hentry portfolio_category-cities portfolio_category-outdoors portfolio_category-photography portfolio_category-travels\" data-portfolio-item-id=\"5188\" data-terms=\"cities outdoors photography travels\">\n\n\t\n\t\n    <div class=\"item-box wow fadeInLab\">\n        <div class=\"photo\">\n\t\t\t                <a href=\"https:\/\/www.ollieparis.com\/en\/portfolio\/bretagne-emeraude\/\" class=\"item-link\" aria-label=\"Bretagne &#8211; Saint-Malo et la C\u00f4te d&rsquo;Emeraude\">\n\t\t\t\t\t<span class=\"image-placeholder\" style=\"padding-bottom:83.20610687%\"><img width=\"655\" height=\"545\" class=\"attachment-portfolio-img-1 size-portfolio-img-1 img-5200 lazyload\" alt=\"Saint-Jacut-de-la-Mer\" data-src=\"https:\/\/www.ollieparis.com\/wp-content\/uploads\/2022\/01\/DSCF5484-655x545.jpg\" \/><\/span>\n\t\t\t\t\t                        <span class=\"on-hover opacity-yes hover-style-primary\">\n                                                            <span class=\"custom-hover-icon\">\n                                                                <\/span>\n\t\t\t\t\t\t\t                        <\/span>\n\t\t\t\t\t                <\/a>\n\t\t\t        <\/div>\n\n        <div class=\"info\">\n            <h3>\n                <a href=\"https:\/\/www.ollieparis.com\/en\/portfolio\/bretagne-emeraude\/\" class=\"item-link\" aria-label=\"Bretagne &#8211; Saint-Malo et la C\u00f4te d&rsquo;Emeraude\">\n\t\t\t\t\tBretagne &#8211; Saint-Malo et la C\u00f4te d&rsquo;Emeraude                <\/a>\n            <\/h3>\n\n\t\t\t<p class=\"terms\"><a href=\"https:\/\/www.ollieparis.com\/en\/portfolio\/bretagne-emeraude\/portfolio-category\/cities\/\" data-term=\"cities\">\n\t\t\tCities\t\t<\/a>, <a href=\"https:\/\/www.ollieparis.com\/en\/portfolio\/bretagne-emeraude\/portfolio-category\/outdoors\/\" data-term=\"outdoors\">\n\t\t\tOutdoors\t\t<\/a>, <a href=\"https:\/\/www.ollieparis.com\/en\/portfolio\/bretagne-emeraude\/portfolio-category\/photography\/\" data-term=\"photography\">\n\t\t\tPhotography\t\t<\/a>, <a href=\"https:\/\/www.ollieparis.com\/en\/portfolio\/bretagne-emeraude\/portfolio-category\/travels\/\" data-term=\"travels\">\n\t\t\tTravels\t\t<\/a><\/p>        <\/div>\n    <\/div>\n\n\t\n<\/div><div class=\"portfolio-item portfolio-item-type-4 has-padding w6 post-5094 portfolio type-portfolio status-publish has-post-thumbnail hentry portfolio_category-outdoors portfolio_category-photography portfolio_category-travels portfolio_tag-travel\" data-portfolio-item-id=\"5094\" data-terms=\"outdoors photography travels\">\n\n\t\n\t\n    <div class=\"item-box wow fadeInLab\">\n        <div class=\"photo\">\n\t\t\t                <a href=\"https:\/\/www.ollieparis.com\/en\/portfolio\/cotentin\/\" class=\"item-link\" aria-label=\"Normandie &#8211; Le Cotentin\">\n\t\t\t\t\t<span class=\"image-placeholder\" style=\"padding-bottom:83.20610687%\"><img width=\"655\" height=\"545\" class=\"attachment-portfolio-img-1 size-portfolio-img-1 img-5099 lazyload\" alt=\"\" data-src=\"https:\/\/www.ollieparis.com\/wp-content\/uploads\/2021\/12\/DSCF5234-3-655x545.jpg\" \/><\/span>\n\t\t\t\t\t                        <span class=\"on-hover opacity-yes hover-style-primary\">\n                                                            <span class=\"custom-hover-icon\">\n                                                                <\/span>\n\t\t\t\t\t\t\t                        <\/span>\n\t\t\t\t\t                <\/a>\n\t\t\t        <\/div>\n\n        <div class=\"info\">\n            <h3>\n                <a href=\"https:\/\/www.ollieparis.com\/en\/portfolio\/cotentin\/\" class=\"item-link\" aria-label=\"Normandie &#8211; Le Cotentin\">\n\t\t\t\t\tNormandie &#8211; Le Cotentin                <\/a>\n            <\/h3>\n\n\t\t\t<p class=\"terms\"><a href=\"https:\/\/www.ollieparis.com\/en\/portfolio\/cotentin\/portfolio-category\/outdoors\/\" data-term=\"outdoors\">\n\t\t\tOutdoors\t\t<\/a>, <a href=\"https:\/\/www.ollieparis.com\/en\/portfolio\/cotentin\/portfolio-category\/photography\/\" data-term=\"photography\">\n\t\t\tPhotography\t\t<\/a>, <a href=\"https:\/\/www.ollieparis.com\/en\/portfolio\/cotentin\/portfolio-category\/travels\/\" data-term=\"travels\">\n\t\t\tTravels\t\t<\/a><\/p>        <\/div>\n    <\/div>\n\n\t\n<\/div><div class=\"portfolio-item portfolio-item-type-4 has-padding w6 post-5008 portfolio type-portfolio status-publish has-post-thumbnail hentry portfolio_category-outdoors portfolio_category-travels\" data-portfolio-item-id=\"5008\" data-terms=\"outdoors travels\">\n\n\t\n\t\n    <div class=\"item-box wow fadeInLab\">\n        <div class=\"photo\">\n\t\t\t                <a href=\"https:\/\/www.ollieparis.com\/en\/portfolio\/scotland\/\" class=\"item-link\" aria-label=\"Ecosse 2013\">\n\t\t\t\t\t<span class=\"image-placeholder\" style=\"padding-bottom:83.20610687%\"><img width=\"655\" height=\"545\" class=\"attachment-portfolio-img-1 size-portfolio-img-1 img-4990 lazyload\" alt=\"\" data-src=\"https:\/\/www.ollieparis.com\/wp-content\/uploads\/2020\/12\/DSC06583-655x545.jpg\" data-srcset=\"https:\/\/www.ollieparis.com\/wp-content\/uploads\/2020\/12\/DSC06583-655x545.jpg 655w, https:\/\/www.ollieparis.com\/wp-content\/uploads\/2020\/12\/DSC06583-16x12.jpg 16w\" data-sizes=\"(max-width: 655px) 100vw, 655px\" \/><\/span>\n\t\t\t\t\t                        <span class=\"on-hover opacity-yes hover-style-primary\">\n                                                            <span class=\"custom-hover-icon\">\n                                                                <\/span>\n\t\t\t\t\t\t\t                        <\/span>\n\t\t\t\t\t                <\/a>\n\t\t\t        <\/div>\n\n        <div class=\"info\">\n            <h3>\n                <a href=\"https:\/\/www.ollieparis.com\/en\/portfolio\/scotland\/\" class=\"item-link\" aria-label=\"Ecosse 2013\">\n\t\t\t\t\tEcosse 2013                <\/a>\n            <\/h3>\n\n\t\t\t<p class=\"terms\"><a href=\"https:\/\/www.ollieparis.com\/en\/portfolio\/scotland\/portfolio-category\/outdoors\/\" data-term=\"outdoors\">\n\t\t\tOutdoors\t\t<\/a>, <a href=\"https:\/\/www.ollieparis.com\/en\/portfolio\/scotland\/portfolio-category\/travels\/\" data-term=\"travels\">\n\t\t\tTravels\t\t<\/a><\/p>        <\/div>\n    <\/div>\n\n\t\n<\/div><div class=\"portfolio-item portfolio-item-type-4 has-padding w6 post-4628 portfolio type-portfolio status-publish has-post-thumbnail hentry portfolio_category-outdoors portfolio_category-travels portfolio_tag-irlande\" data-portfolio-item-id=\"4628\" data-terms=\"outdoors travels\">\n\n\t\n\t\n    <div class=\"item-box wow fadeInLab\">\n        <div class=\"photo\">\n\t\t\t                <a href=\"https:\/\/www.ollieparis.com\/en\/portfolio\/irlande-2019\/\" class=\"item-link\" aria-label=\"Ireland 2019\">\n\t\t\t\t\t<span class=\"image-placeholder\" style=\"padding-bottom:83.20610687%\"><img width=\"655\" height=\"545\" class=\"attachment-portfolio-img-1 size-portfolio-img-1 img-4789 lazyload\" alt=\"Cliffs of Moher\" data-src=\"https:\/\/www.ollieparis.com\/wp-content\/uploads\/2020\/10\/DSCF8247-1-655x545.jpg\" \/><\/span>\n\t\t\t\t\t                        <span class=\"on-hover opacity-yes hover-style-primary\">\n                                                            <span class=\"custom-hover-icon\">\n                                                                <\/span>\n\t\t\t\t\t\t\t                        <\/span>\n\t\t\t\t\t                <\/a>\n\t\t\t        <\/div>\n\n        <div class=\"info\">\n            <h3>\n                <a href=\"https:\/\/www.ollieparis.com\/en\/portfolio\/irlande-2019\/\" class=\"item-link\" aria-label=\"Ireland 2019\">\n\t\t\t\t\tIreland 2019                <\/a>\n            <\/h3>\n\n\t\t\t<p class=\"terms\"><a href=\"https:\/\/www.ollieparis.com\/en\/portfolio\/irlande-2019\/portfolio-category\/outdoors\/\" data-term=\"outdoors\">\n\t\t\tOutdoors\t\t<\/a>, <a href=\"https:\/\/www.ollieparis.com\/en\/portfolio\/irlande-2019\/portfolio-category\/travels\/\" data-term=\"travels\">\n\t\t\tTravels\t\t<\/a><\/p>        <\/div>\n    <\/div>\n\n\t\n<\/div><div class=\"portfolio-item portfolio-item-type-4 has-padding w6 post-4601 portfolio type-portfolio status-publish has-post-thumbnail hentry portfolio_category-travels portfolio_tag-costa-rica portfolio_tag-voyage\" data-portfolio-item-id=\"4601\" data-terms=\"travels\">\n\n\t\n\t\n    <div class=\"item-box wow fadeInLab\">\n        <div class=\"photo\">\n\t\t\t                <a href=\"https:\/\/www.ollieparis.com\/en\/portfolio\/costa-rica-2018\/\" class=\"item-link\" aria-label=\"Costa Rica 2018\">\n\t\t\t\t\t<span class=\"image-placeholder\" style=\"padding-bottom:83.20610687%\"><img width=\"655\" height=\"545\" class=\"attachment-portfolio-img-1 size-portfolio-img-1 img-4782 lazyload\" alt=\"Costa Rica - R\u00e9serve naturelle de Cahuita\" data-src=\"https:\/\/www.ollieparis.com\/wp-content\/uploads\/2020\/10\/DSCF3359-655x545.jpg\" \/><\/span>\n\t\t\t\t\t                        <span class=\"on-hover opacity-yes hover-style-primary\">\n                                                            <span class=\"custom-hover-icon\">\n                                                                <\/span>\n\t\t\t\t\t\t\t                        <\/span>\n\t\t\t\t\t                <\/a>\n\t\t\t        <\/div>\n\n        <div class=\"info\">\n            <h3>\n                <a href=\"https:\/\/www.ollieparis.com\/en\/portfolio\/costa-rica-2018\/\" class=\"item-link\" aria-label=\"Costa Rica 2018\">\n\t\t\t\t\tCosta Rica 2018                <\/a>\n            <\/h3>\n\n\t\t\t<p class=\"terms\"><a href=\"https:\/\/www.ollieparis.com\/en\/portfolio\/costa-rica-2018\/portfolio-category\/travels\/\" data-term=\"travels\">\n\t\t\tTravels\t\t<\/a><\/p>        <\/div>\n    <\/div>\n\n\t\n<\/div><div class=\"portfolio-item portfolio-item-type-4 has-padding w6 post-4569 portfolio type-portfolio status-publish has-post-thumbnail hentry portfolio_category-travels portfolio_tag-australia portfolio_tag-travel\" data-portfolio-item-id=\"4569\" data-terms=\"travels\">\n\n\t\n\t\n    <div class=\"item-box wow fadeInLab\">\n        <div class=\"photo\">\n\t\t\t                <a href=\"https:\/\/www.ollieparis.com\/en\/portfolio\/australia-2015\/\" class=\"item-link\" aria-label=\"Australia 2015\">\n\t\t\t\t\t<span class=\"image-placeholder\" style=\"padding-bottom:83.20610687%\"><img width=\"655\" height=\"545\" class=\"attachment-portfolio-img-1 size-portfolio-img-1 img-4822 lazyload\" alt=\"Coucher de soleil sur Uluru\" data-src=\"https:\/\/www.ollieparis.com\/wp-content\/uploads\/2020\/10\/IGP2012-655x545.jpg\" \/><\/span>\n\t\t\t\t\t                        <span class=\"on-hover opacity-yes hover-style-primary\">\n                                                            <span class=\"custom-hover-icon\">\n                                                                <\/span>\n\t\t\t\t\t\t\t                        <\/span>\n\t\t\t\t\t                <\/a>\n\t\t\t        <\/div>\n\n        <div class=\"info\">\n            <h3>\n                <a href=\"https:\/\/www.ollieparis.com\/en\/portfolio\/australia-2015\/\" class=\"item-link\" aria-label=\"Australia 2015\">\n\t\t\t\t\tAustralia 2015                <\/a>\n            <\/h3>\n\n\t\t\t<p class=\"terms\"><a href=\"https:\/\/www.ollieparis.com\/en\/portfolio\/australia-2015\/portfolio-category\/travels\/\" data-term=\"travels\">\n\t\t\tTravels\t\t<\/a><\/p>        <\/div>\n    <\/div>\n\n\t\n<\/div>\t\t<\/div>\n\t\t\n\t\t\t<script type=\"text\/javascript\">\n\t\tvar portfolioContainers = portfolioContainers || [];\n\t\tportfolioContainers.push( {\"instanceId\":\"portfolio-1\",\"instanceAlias\":\"portfolio-1\",\"baseQuery\":{\"post_type\":[\"portfolio\"],\"post_status\":\"publish\",\"posts_per_page\":-1,\"orderby\":\"date\",\"paged\":1,\"meta_query\":[{\"key\":\"_thumbnail_id\",\"compare\":\"EXISTS\"}]},\"vcAttributes\":{\"portfolio_query\":\"size:All|order_by:date|post_type:portfolio\",\"title\":\"\",\"title_tag\":\"h2\",\"description\":\"\",\"category_filter\":\"yes\",\"default_filter_category\":\"default\",\"filter_category_hide_all\":\"\",\"portfolio_type\":\"type-1\",\"columns\":\"inherit\",\"reveal_effect\":\"inherit\",\"portfolio_spacing\":\"inherit\",\"dynamic_image_height\":\"no\",\"portfolio_full_width_title_container\":\"yes\",\"portfolio_full_width\":\"inherit\",\"pagination_type\":\"static\",\"more_link\":\"\",\"endless_auto_reveal\":\"\",\"endless_show_more_button_text\":\"Show More\",\"endless_no_more_items_button_text\":\"No more portfolio items to show\",\"endless_per_page\":\"\",\"el_class\":\"\",\"css\":\"\",\"trp_param_show\":\"\",\"trp_param_show_language\":\"\",\"trp_param_exclude\":\"\",\"trp_param_exclude_languages\":\"\"},\"postId\":0,\"count\":9,\"countByTerms\":{\"cities\":1,\"outdoors\":7,\"photography\":5,\"travels\":9},\"lightboxData\":null,\"filterPushState\":false} );\n\t<\/script>\n\t\t\t\t\t\t\t\t\n\t<\/div>\n\t\n<\/div>\n<\/div><\/div><\/div><\/div><\/div>\n<\/div>","protected":false},"excerpt":{"rendered":"L'australie a \u00e9t\u00e9 l'un de mes plus beaux voyages. La premi\u00e8re raison \u00e0 cela, c'est que nous l'avions effectu\u00e9 en famille, avec mes parents, ma soeur et mon fr\u00e8re. Quoi de plus pr\u00e9cieux que la famille ? A c\u00f4t\u00e9 de cela, ce pays, aussi grand qu'un continent, regorge de tr\u00e9sors et de d\u00e9cors vari\u00e9s. Lors&hellip;","protected":false},"author":1,"featured_media":0,"parent":0,"menu_order":0,"comment_status":"open","ping_status":"open","template":"","meta":{"_acf_changed":false,"om_disable_all_campaigns":false,"_monsterinsights_skip_tracking":false,"_monsterinsights_sitenote_active":false,"_monsterinsights_sitenote_note":"","_monsterinsights_sitenote_category":0,"_uf_show_specific_survey":0,"_uf_disable_surveys":false,"footnotes":""},"class_list":["post-3893","page","type-page","status-publish","hentry"],"acf":[],"aioseo_notices":[],"_links":{"self":[{"href":"https:\/\/www.ollieparis.com\/en\/wp-json\/wp\/v2\/pages\/3893","targetHints":{"allow":["GET"]}}],"collection":[{"href":"https:\/\/www.ollieparis.com\/en\/wp-json\/wp\/v2\/pages"}],"about":[{"href":"https:\/\/www.ollieparis.com\/en\/wp-json\/wp\/v2\/types\/page"}],"author":[{"embeddable":true,"href":"https:\/\/www.ollieparis.com\/en\/wp-json\/wp\/v2\/users\/1"}],"replies":[{"embeddable":true,"href":"https:\/\/www.ollieparis.com\/en\/wp-json\/wp\/v2\/comments?post=3893"}],"version-history":[{"count":0,"href":"https:\/\/www.ollieparis.com\/en\/wp-json\/wp\/v2\/pages\/3893\/revisions"}],"wp:attachment":[{"href":"https:\/\/www.ollieparis.com\/en\/wp-json\/wp\/v2\/media?parent=3893"}],"curies":[{"name":"wp","href":"https:\/\/api.w.org\/{rel}","templated":true}]}}